{"id":1541,"date":"2024-05-24T19:06:05","date_gmt":"2024-05-24T19:06:05","guid":{"rendered":"http:\/\/bollymoves.fr\/?page_id=1541"},"modified":"2024-06-10T11:48:50","modified_gmt":"2024-06-10T11:48:50","slug":"desi-girl","status":"publish","type":"page","link":"https:\/\/bollymoves.fr\/index.php\/desi-girl\/","title":{"rendered":"Desi Girl"},"content":{"rendered":"\t\t<div data-elementor-type=\"wp-page\" data-elementor-id=\"1541\" class=\"elementor elementor-1541\" data-elementor-settings=\"{&quot;ha_cmc_init_switcher&quot;:&quot;no&quot;}\">\n\t\t\t\t\t\t<section class=\"elementor-section elementor-top-section elementor-element elementor-element-796e88d elementor-section-boxed elementor-section-height-default elementor-section-height-default wpr-particle-no wpr-jarallax-no wpr-parallax-no wpr-sticky-section-no\" data-id=\"796e88d\" data-element_type=\"section\" data-e-type=\"section\" data-settings=\"{&quot;background_background&quot;:&quot;classic&quot;,&quot;_ha_eqh_enable&quot;:false}\">\n\t\t\t\t\t\t<div class=\"elementor-container elementor-column-gap-default\">\n\t\t\t\t\t<div class=\"elementor-column elementor-col-100 elementor-top-column elementor-element elementor-element-8474b2e\" data-id=\"8474b2e\" data-element_type=\"column\" data-e-type=\"column\">\n\t\t\t<div class=\"elementor-widget-wrap elementor-element-populated\">\n\t\t\t\t\t\t<div class=\"elementor-element elementor-element-6f83f71 elementor-widget elementor-widget-heading\" data-id=\"6f83f71\" data-element_type=\"widget\" data-e-type=\"widget\" data-widget_type=\"heading.default\">\n\t\t\t\t<div class=\"elementor-widget-container\">\n\t\t\t\t\t<h2 class=\"elementor-heading-title elementor-size-default\">\u00c9v\u00e9nement<\/h2>\t\t\t\t<\/div>\n\t\t\t\t<\/div>\n\t\t\t\t<section class=\"elementor-section elementor-inner-section elementor-element elementor-element-c1b0a64 elementor-section-boxed elementor-section-height-default elementor-section-height-default wpr-particle-no wpr-jarallax-no wpr-parallax-no wpr-sticky-section-no\" data-id=\"c1b0a64\" data-element_type=\"section\" data-e-type=\"section\" data-settings=\"{&quot;_ha_eqh_enable&quot;:false}\">\n\t\t\t\t\t\t<div class=\"elementor-container elementor-column-gap-default\">\n\t\t\t\t\t<div class=\"elementor-column elementor-col-50 elementor-inner-column elementor-element elementor-element-9548bd0\" data-id=\"9548bd0\" data-element_type=\"column\" data-e-type=\"column\">\n\t\t\t<div class=\"elementor-widget-wrap elementor-element-populated\">\n\t\t\t\t\t\t<div class=\"elementor-element elementor-element-e752322 elementor-widget__width-initial elementor-widget-mobile__width-auto ha-has-bg-overlay elementor-widget elementor-widget-heading\" data-id=\"e752322\" data-element_type=\"widget\" data-e-type=\"widget\" data-widget_type=\"heading.default\">\n\t\t\t\t<div class=\"elementor-widget-container\">\n\t\t\t\t\t<h2 class=\"elementor-heading-title elementor-size-default\"><span class=\"datefont\">02<\/span><br>Juin 2024<\/h2>\t\t\t\t<\/div>\n\t\t\t\t<\/div>\n\t\t\t\t\t<\/div>\n\t\t<\/div>\n\t\t\t\t<div class=\"elementor-column elementor-col-50 elementor-inner-column elementor-element elementor-element-7ff67bc\" data-id=\"7ff67bc\" data-element_type=\"column\" data-e-type=\"column\">\n\t\t\t<div class=\"elementor-widget-wrap elementor-element-populated\">\n\t\t\t\t\t\t<div class=\"elementor-element elementor-element-ee0f05a elementor-widget elementor-widget-heading\" data-id=\"ee0f05a\" data-element_type=\"widget\" data-e-type=\"widget\" data-widget_type=\"heading.default\">\n\t\t\t\t<div class=\"elementor-widget-container\">\n\t\t\t\t\t<h2 class=\"elementor-heading-title elementor-size-default\">Rejoignez-nous pour un Atelier de Danse sur 'Desi Girl' avec BollyMoves !<\/h2>\t\t\t\t<\/div>\n\t\t\t\t<\/div>\n\t\t\t\t<div class=\"elementor-element elementor-element-98d9fb5 elementor-widget elementor-widget-image\" data-id=\"98d9fb5\" data-element_type=\"widget\" data-e-type=\"widget\" data-widget_type=\"image.default\">\n\t\t\t\t<div class=\"elementor-widget-container\">\n\t\t\t\t\t\t\t\t\t\t\t\t\t\t\t<img fetchpriority=\"high\" decoding=\"async\" width=\"935\" height=\"500\" src=\"https:\/\/bollymoves.fr\/wp-content\/uploads\/2024\/05\/desi-girl.jpg\" class=\"attachment-large size-large wp-image-2028\" alt=\"desi-girl\" srcset=\"https:\/\/bollymoves.fr\/wp-content\/uploads\/2024\/05\/desi-girl.jpg 935w, https:\/\/bollymoves.fr\/wp-content\/uploads\/2024\/05\/desi-girl-300x160.jpg 300w, https:\/\/bollymoves.fr\/wp-content\/uploads\/2024\/05\/desi-girl-768x411.jpg 768w\" sizes=\"(max-width: 935px) 100vw, 935px\" \/>\t\t\t\t\t\t\t\t\t\t\t\t\t\t\t<\/div>\n\t\t\t\t<\/div>\n\t\t\t\t<div class=\"elementor-element elementor-element-a67256d elementor-widget elementor-widget-text-editor\" data-id=\"a67256d\" data-element_type=\"widget\" data-e-type=\"widget\" data-widget_type=\"text-editor.default\">\n\t\t\t\t<div class=\"elementor-widget-container\">\n\t\t\t\t\t\t\t\t\t<p>Avec l&#8217;arriv\u00e9e des beaux jours \u00e0 Paris, quoi de mieux que de danser pour se sentir libre et joyeux ? BollyMoves, votre \u00e9cole de danse Bollywood \u00e0 Paris, vous invite \u00e0 un atelier de danse de deux heures sur la chanson embl\u00e9matique &#8220;Desi Girl&#8221;. C&#8217;est l&#8217;occasion parfaite pour vous d\u00e9hancher, vous amuser et br\u00fbler des calories en m\u00eame temps !<\/p>\t\t\t\t\t\t\t\t<\/div>\n\t\t\t\t<\/div>\n\t\t\t\t<div class=\"elementor-element elementor-element-f3bd4e1 elementor-widget elementor-widget-heading\" data-id=\"f3bd4e1\" data-element_type=\"widget\" data-e-type=\"widget\" data-widget_type=\"heading.default\">\n\t\t\t\t<div class=\"elementor-widget-container\">\n\t\t\t\t\t<h3 class=\"elementor-heading-title elementor-size-default\">Pourquoi \"Desi Girl\" ?<\/h3>\t\t\t\t<\/div>\n\t\t\t\t<\/div>\n\t\t\t\t<div class=\"elementor-element elementor-element-97d6e09 elementor-widget elementor-widget-text-editor\" data-id=\"97d6e09\" data-element_type=\"widget\" data-e-type=\"widget\" data-widget_type=\"text-editor.default\">\n\t\t\t\t<div class=\"elementor-widget-container\">\n\t\t\t\t\t\t\t\t\t<p>&#8220;Desi Girl&#8221;, une chanson tir\u00e9e du film \u00e0 succ\u00e8s &#8220;Dostana&#8221;, est interpr\u00e9t\u00e9e par les superstars Priyanka Chopra, Abhishek Bachchan et John Abraham. Ce morceau dynamique et \u00e9nergique est devenu un hymne de la culture Bollywood. La chor\u00e9graphie est pleine de mouvements vibrants et captivants qui vous feront sentir comme une v\u00e9ritable star de Bollywood.<\/p>\t\t\t\t\t\t\t\t<\/div>\n\t\t\t\t<\/div>\n\t\t\t\t<div class=\"elementor-element elementor-element-5107727 elementor-widget elementor-widget-heading\" data-id=\"5107727\" data-element_type=\"widget\" data-e-type=\"widget\" data-widget_type=\"heading.default\">\n\t\t\t\t<div class=\"elementor-widget-container\">\n\t\t\t\t\t<h3 class=\"elementor-heading-title elementor-size-default\">Les Bienfaits de la Danse Bollywood<\/h3>\t\t\t\t<\/div>\n\t\t\t\t<\/div>\n\t\t\t\t<div class=\"elementor-element elementor-element-3dafdfc elementor-widget elementor-widget-text-editor\" data-id=\"3dafdfc\" data-element_type=\"widget\" data-e-type=\"widget\" data-widget_type=\"text-editor.default\">\n\t\t\t\t<div class=\"elementor-widget-container\">\n\t\t\t\t\t\t\t\t\tLa danse Bollywood est non seulement amusante, mais elle est aussi un excellent moyen de faire de l&#8217;exercice. Voici pourquoi vous devriez nous rejoindre pour cet atelier :\n<ol>\n \t<li><strong>Br\u00fbler des Calories :<\/strong> Une s\u00e9ance de danse Bollywood peut br\u00fbler autant de calories qu&#8217;un jogging de 30 minutes.<\/li>\n \t<li><strong>Am\u00e9liorer la Coordination :<\/strong> Les mouvements de danse aident \u00e0 am\u00e9liorer la coordination et l&#8217;agilit\u00e9.<\/li>\n \t<li><strong>\u00c9vacuer le Stress :<\/strong> Danser sur des rythmes joyeux aide \u00e0 lib\u00e9rer des endorphines, r\u00e9duisant ainsi le stress et am\u00e9liorant l&#8217;humeur.<\/li>\n \t<li><strong>Rencontrer de Nouvelles Personnes :<\/strong> C&#8217;est une excellente occasion de rencontrer des gens partageant les m\u00eames passions dans une ambiance conviviale.<\/li>\n<\/ol>\t\t\t\t\t\t\t\t<\/div>\n\t\t\t\t<\/div>\n\t\t\t\t<div class=\"elementor-element elementor-element-3376beb elementor-widget elementor-widget-heading\" data-id=\"3376beb\" data-element_type=\"widget\" data-e-type=\"widget\" data-widget_type=\"heading.default\">\n\t\t\t\t<div class=\"elementor-widget-container\">\n\t\t\t\t\t<h3 class=\"elementor-heading-title elementor-size-default\">D\u00e9tails de l'Atelier<\/h3>\t\t\t\t<\/div>\n\t\t\t\t<\/div>\n\t\t\t\t<div class=\"elementor-element elementor-element-88a2819 eventDetails elementor-widget elementor-widget-text-editor\" data-id=\"88a2819\" data-element_type=\"widget\" data-e-type=\"widget\" data-widget_type=\"text-editor.default\">\n\t\t\t\t<div class=\"elementor-widget-container\">\n\t\t\t\t\t\t\t\t\t<p><strong>Date:<\/strong><b> <\/b>02 Juin 2024<br \/><strong>Heure <\/strong>: 15h00 &#8211; 17h00<br \/><strong>Lieu:<\/strong><b> <\/b>14 Boulevard Poissonni\u00e8re 75009 Paris<\/p>\t\t\t\t\t\t\t\t<\/div>\n\t\t\t\t<\/div>\n\t\t\t\t<div class=\"elementor-element elementor-element-740f55c elementor-widget elementor-widget-heading\" data-id=\"740f55c\" data-element_type=\"widget\" data-e-type=\"widget\" data-widget_type=\"heading.default\">\n\t\t\t\t<div class=\"elementor-widget-container\">\n\t\t\t\t\t<h3 class=\"elementor-heading-title elementor-size-default\">Ce que Vous Devez Apporter<\/h3>\t\t\t\t<\/div>\n\t\t\t\t<\/div>\n\t\t\t\t<div class=\"elementor-element elementor-element-6c3dc1f elementor-widget elementor-widget-text-editor\" data-id=\"6c3dc1f\" data-element_type=\"widget\" data-e-type=\"widget\" data-widget_type=\"text-editor.default\">\n\t\t\t\t<div class=\"elementor-widget-container\">\n\t\t\t\t\t\t\t\t\t<ul><li>Des v\u00eatements confortables pour bouger librement<\/li><li>Une bouteille d&#8217;eau pour rester hydrat\u00e9<\/li><li>Votre plus beau sourire et beaucoup d&#8217;\u00e9nergie !<\/li><\/ul>\t\t\t\t\t\t\t\t<\/div>\n\t\t\t\t<\/div>\n\t\t\t\t<div class=\"elementor-element elementor-element-9af2469 elementor-widget elementor-widget-heading\" data-id=\"9af2469\" data-element_type=\"widget\" data-e-type=\"widget\" data-widget_type=\"heading.default\">\n\t\t\t\t<div class=\"elementor-widget-container\">\n\t\t\t\t\t<h3 class=\"elementor-heading-title elementor-size-default\">Pourquoi Choisir BollyMoves ?<\/h3>\t\t\t\t<\/div>\n\t\t\t\t<\/div>\n\t\t\t\t<div class=\"elementor-element elementor-element-2c76481 elementor-widget elementor-widget-text-editor\" data-id=\"2c76481\" data-element_type=\"widget\" data-e-type=\"widget\" data-widget_type=\"text-editor.default\">\n\t\t\t\t<div class=\"elementor-widget-container\">\n\t\t\t\t\t\t\t\t\t<p>Chez BollyMoves, c&#8217;est moi qui vous accompagne pour une exp\u00e9rience de danse unique et gratifiante. En tant qu&#8217;instructeur passionn\u00e9 de la danse Bollywood, je m&#8217;assure que chaque participant trouve du plaisir tout en ma\u00eetrisant des mouvements authentiques. Que vous soyez d\u00e9butant ou danseur aguerri, notre atelier est ouvert \u00e0 tous les niveaux.<\/p>\t\t\t\t\t\t\t\t<\/div>\n\t\t\t\t<\/div>\n\t\t\t\t<div class=\"elementor-element elementor-element-5bfead8 elementor-widget elementor-widget-text-editor\" data-id=\"5bfead8\" data-element_type=\"widget\" data-e-type=\"widget\" data-widget_type=\"text-editor.default\">\n\t\t\t\t<div class=\"elementor-widget-container\">\n\t\t\t\t\t\t\t\t\t<p>Joignez-vous \u00e0 nous et laissez-vous emporter par la danse sous le soleil parisien ! Ne manquez pas cette opportunit\u00e9 de plonger dans la culture Bollywood et de vous \u00e9clater sur les rythmes envo\u00fbtants de &#8220;Desi Girl&#8221;. C&#8217;est le moment id\u00e9al pour d\u00e9voiler vos talents de danseur et profiter du beau temps. R\u00e9servez d\u00e8s maintenant votre place et pr\u00e9parez-vous \u00e0 danser comme une v\u00e9ritable Desi Girl (ou Desi Boy) !<\/p>\t\t\t\t\t\t\t\t<\/div>\n\t\t\t\t<\/div>\n\t\t\t\t<div class=\"elementor-element elementor-element-47af56e elementor-widget elementor-widget-text-editor\" data-id=\"47af56e\" data-element_type=\"widget\" data-e-type=\"widget\" data-widget_type=\"text-editor.default\">\n\t\t\t\t<div class=\"elementor-widget-container\">\n\t\t\t\t\t\t\t\t\t<p>Nous sommes impatients de vous voir vous d\u00e9hancher et danser avec nous. \u00c0 tr\u00e8s bient\u00f4t chez BollyMoves !<\/p>\t\t\t\t\t\t\t\t<\/div>\n\t\t\t\t<\/div>\n\t\t\t\t<div class=\"elementor-element elementor-element-66acebe elementor-align-left elementor-widget elementor-widget-button\" data-id=\"66acebe\" data-element_type=\"widget\" data-e-type=\"widget\" data-widget_type=\"button.default\">\n\t\t\t\t<div class=\"elementor-widget-container\">\n\t\t\t\t\t\t\t\t\t<div class=\"elementor-button-wrapper\">\n\t\t\t\t\t<a class=\"elementor-button elementor-size-sm\" role=\"button\">\n\t\t\t\t\t\t<span class=\"elementor-button-content-wrapper\">\n\t\t\t\t\t\t\t\t\t<span class=\"elementor-button-text\">Complet<\/span>\n\t\t\t\t\t<\/span>\n\t\t\t\t\t<\/a>\n\t\t\t\t<\/div>\n\t\t\t\t\t\t\t\t<\/div>\n\t\t\t\t<\/div>\n\t\t\t\t\t<\/div>\n\t\t<\/div>\n\t\t\t\t\t<\/div>\n\t\t<\/section>\n\t\t\t\t\t<\/div>\n\t\t<\/div>\n\t\t\t\t\t<\/div>\n\t\t<\/section>\n\t\t\t\t<\/div>\n\t\t","protected":false},"excerpt":{"rendered":"<p>\u00c9v\u00e9nement 02Juin 2024 Rejoignez-nous pour un Atelier de Danse sur &#8216;Desi Girl&#8217; avec BollyMoves ! Avec l&#8217;arriv\u00e9e des beaux jours \u00e0 Paris, quoi de mieux que de danser pour se sentir libre et joyeux ? BollyMoves, votre \u00e9cole de danse Bollywood \u00e0 Paris, vous invite \u00e0 un atelier de danse de deux heures sur la chanson embl\u00e9matique &#8220;Desi Girl&#8221;. C&#8217;est l&#8217;occasion parfaite pour vous d\u00e9hancher, vous amuser et br\u00fbler des calories en m\u00eame temps ! Pourquoi &#8220;Desi Girl&#8221; ? &#8220;Desi Girl&#8221;, une chanson tir\u00e9e du film \u00e0 succ\u00e8s &#8220;Dostana&#8221;, est interpr\u00e9t\u00e9e par les superstars Priyanka Chopra, Abhishek Bachchan et John Abraham. Ce morceau dynamique et \u00e9nergique est devenu un hymne de la culture Bollywood. La chor\u00e9graphie est pleine de mouvements vibrants et captivants qui vous feront sentir comme une v\u00e9ritable star de Bollywood. Les Bienfaits de la Danse Bollywood La danse Bollywood est non seulement amusante, mais elle est aussi un excellent moyen de faire de l&#8217;exercice. Voici pourquoi vous devriez nous rejoindre pour cet atelier : Br\u00fbler des Calories : Une s\u00e9ance de danse Bollywood peut br\u00fbler autant de calories qu&#8217;un jogging de 30 minutes. Am\u00e9liorer la Coordination : Les mouvements de danse aident \u00e0 am\u00e9liorer la coordination et l&#8217;agilit\u00e9. \u00c9vacuer le Stress : Danser sur des rythmes joyeux aide \u00e0 lib\u00e9rer des endorphines, r\u00e9duisant ainsi le stress et am\u00e9liorant l&#8217;humeur. Rencontrer de Nouvelles Personnes : C&#8217;est une excellente occasion de rencontrer des gens partageant les m\u00eames passions dans une ambiance conviviale. D\u00e9tails de l&#8217;Atelier Date: 02 Juin 2024Heure : 15h00 &#8211; 17h00Lieu: 14 Boulevard Poissonni\u00e8re 75009 Paris Ce que Vous Devez Apporter Des v\u00eatements confortables pour bouger librement Une bouteille d&#8217;eau pour rester hydrat\u00e9 Votre plus beau sourire et beaucoup d&#8217;\u00e9nergie ! Pourquoi Choisir BollyMoves ? Chez BollyMoves, c&#8217;est moi qui vous accompagne pour une exp\u00e9rience de danse unique et gratifiante. En tant qu&#8217;instructeur passionn\u00e9 de la danse Bollywood, je m&#8217;assure que chaque participant trouve du plaisir tout en ma\u00eetrisant des mouvements authentiques. Que vous soyez d\u00e9butant ou danseur aguerri, notre atelier est ouvert \u00e0 tous les niveaux. Joignez-vous \u00e0 nous et laissez-vous emporter par la danse sous le soleil parisien ! Ne manquez pas cette opportunit\u00e9 de plonger dans la culture Bollywood et de vous \u00e9clater sur les rythmes envo\u00fbtants de &#8220;Desi Girl&#8221;. C&#8217;est le moment id\u00e9al pour d\u00e9voiler vos talents de danseur et profiter du beau temps. R\u00e9servez d\u00e8s maintenant votre place et pr\u00e9parez-vous \u00e0 danser comme une v\u00e9ritable Desi Girl (ou Desi Boy) ! Nous sommes impatients de vous voir vous d\u00e9hancher et danser avec nous. \u00c0 tr\u00e8s bient\u00f4t chez BollyMoves ! Complet<\/p>\n","protected":false},"author":1,"featured_media":0,"parent":0,"menu_order":0,"comment_status":"closed","ping_status":"closed","template":"elementor_header_footer","meta":{"ocean_post_layout":"","ocean_both_sidebars_style":"","ocean_both_sidebars_content_width":0,"ocean_both_sidebars_sidebars_width":0,"ocean_sidebar":"","ocean_second_sidebar":"","ocean_disable_margins":"enable","ocean_add_body_class":"","ocean_shortcode_before_top_bar":"","ocean_shortcode_after_top_bar":"","ocean_shortcode_before_header":"","ocean_shortcode_after_header":"","ocean_has_shortcode":"","ocean_shortcode_after_title":"","ocean_shortcode_before_footer_widgets":"","ocean_shortcode_after_footer_widgets":"","ocean_shortcode_before_footer_bottom":"","ocean_shortcode_after_footer_bottom":"","ocean_display_top_bar":"default","ocean_display_header":"default","ocean_header_style":"","ocean_center_header_left_menu":"","ocean_custom_header_template":"","ocean_custom_logo":0,"ocean_custom_retina_logo":0,"ocean_custom_logo_max_width":0,"ocean_custom_logo_tablet_max_width":0,"ocean_custom_logo_mobile_max_width":0,"ocean_custom_logo_max_height":0,"ocean_custom_logo_tablet_max_height":0,"ocean_custom_logo_mobile_max_height":0,"ocean_header_custom_menu":"","ocean_menu_typo_font_family":"","ocean_menu_typo_font_subset":"","ocean_menu_typo_font_size":0,"ocean_menu_typo_font_size_tablet":0,"ocean_menu_typo_font_size_mobile":0,"ocean_menu_typo_font_size_unit":"px","ocean_menu_typo_font_weight":"","ocean_menu_typo_font_weight_tablet":"","ocean_menu_typo_font_weight_mobile":"","ocean_menu_typo_transform":"","ocean_menu_typo_transform_tablet":"","ocean_menu_typo_transform_mobile":"","ocean_menu_typo_line_height":0,"ocean_menu_typo_line_height_tablet":0,"ocean_menu_typo_line_height_mobile":0,"ocean_menu_typo_line_height_unit":"","ocean_menu_typo_spacing":0,"ocean_menu_typo_spacing_tablet":0,"ocean_menu_typo_spacing_mobile":0,"ocean_menu_typo_spacing_unit":"","ocean_menu_link_color":"","ocean_menu_link_color_hover":"","ocean_menu_link_color_active":"","ocean_menu_link_background":"","ocean_menu_link_hover_background":"","ocean_menu_link_active_background":"","ocean_menu_social_links_bg":"","ocean_menu_social_hover_links_bg":"","ocean_menu_social_links_color":"","ocean_menu_social_hover_links_color":"","ocean_disable_title":"default","ocean_disable_heading":"default","ocean_post_title":"","ocean_post_subheading":"","ocean_post_title_style":"","ocean_post_title_background_color":"","ocean_post_title_background":0,"ocean_post_title_bg_image_position":"","ocean_post_title_bg_image_attachment":"","ocean_post_title_bg_image_repeat":"","ocean_post_title_bg_image_size":"","ocean_post_title_height":0,"ocean_post_title_bg_overlay":0.5,"ocean_post_title_bg_overlay_color":"","ocean_disable_breadcrumbs":"default","ocean_breadcrumbs_color":"","ocean_breadcrumbs_separator_color":"","ocean_breadcrumbs_links_color":"","ocean_breadcrumbs_links_hover_color":"","ocean_display_footer_widgets":"default","ocean_display_footer_bottom":"default","ocean_custom_footer_template":"","footnotes":""},"class_list":["post-1541","page","type-page","status-publish","hentry","entry"],"_links":{"self":[{"href":"https:\/\/bollymoves.fr\/index.php\/wp-json\/wp\/v2\/pages\/1541","targetHints":{"allow":["GET"]}}],"collection":[{"href":"https:\/\/bollymoves.fr\/index.php\/wp-json\/wp\/v2\/pages"}],"about":[{"href":"https:\/\/bollymoves.fr\/index.php\/wp-json\/wp\/v2\/types\/page"}],"author":[{"embeddable":true,"href":"https:\/\/bollymoves.fr\/index.php\/wp-json\/wp\/v2\/users\/1"}],"replies":[{"embeddable":true,"href":"https:\/\/bollymoves.fr\/index.php\/wp-json\/wp\/v2\/comments?post=1541"}],"version-history":[{"count":82,"href":"https:\/\/bollymoves.fr\/index.php\/wp-json\/wp\/v2\/pages\/1541\/revisions"}],"predecessor-version":[{"id":2299,"href":"https:\/\/bollymoves.fr\/index.php\/wp-json\/wp\/v2\/pages\/1541\/revisions\/2299"}],"wp:attachment":[{"href":"https:\/\/bollymoves.fr\/index.php\/wp-json\/wp\/v2\/media?parent=1541"}],"curies":[{"name":"wp","href":"https:\/\/api.w.org\/{rel}","templated":true}]}}