{"id":3,"date":"2024-04-11T05:28:45","date_gmt":"2024-04-11T05:28:45","guid":{"rendered":"http:\/\/bollymoves.fr\/?page_id=3"},"modified":"2024-05-24T20:55:39","modified_gmt":"2024-05-24T20:55:39","slug":"privacy-policy","status":"publish","type":"page","link":"https:\/\/bollymoves.fr\/index.php\/privacy-policy\/","title":{"rendered":"Privacy Policy"},"content":{"rendered":"\t\t<div data-elementor-type=\"wp-page\" data-elementor-id=\"3\" class=\"elementor elementor-3\" data-elementor-settings=\"{&quot;ha_cmc_init_switcher&quot;:&quot;no&quot;}\">\n\t\t\t\t\t\t<section class=\"elementor-section elementor-top-section elementor-element elementor-element-26f24b5 elementor-section-boxed elementor-section-height-default elementor-section-height-default wpr-particle-no wpr-jarallax-no wpr-parallax-no wpr-sticky-section-no\" data-id=\"26f24b5\" data-element_type=\"section\" data-e-type=\"section\" data-settings=\"{&quot;_ha_eqh_enable&quot;:false}\">\n\t\t\t\t\t\t<div class=\"elementor-container elementor-column-gap-default\">\n\t\t\t\t\t<div class=\"elementor-column elementor-col-100 elementor-top-column elementor-element elementor-element-1f83311\" data-id=\"1f83311\" data-element_type=\"column\" data-e-type=\"column\">\n\t\t\t<div class=\"elementor-widget-wrap elementor-element-populated\">\n\t\t\t\t\t\t<div class=\"elementor-element elementor-element-181d895 elementor-widget elementor-widget-heading\" data-id=\"181d895\" data-element_type=\"widget\" data-e-type=\"widget\" data-widget_type=\"heading.default\">\n\t\t\t\t<div class=\"elementor-widget-container\">\n\t\t\t\t\t<h2 class=\"elementor-heading-title elementor-size-default\">Politique de confidentialit\u00e9<\/h2>\t\t\t\t<\/div>\n\t\t\t\t<\/div>\n\t\t\t\t<div class=\"elementor-element elementor-element-21a6acb elementor-widget elementor-widget-text-editor\" data-id=\"21a6acb\" data-element_type=\"widget\" data-e-type=\"widget\" data-widget_type=\"text-editor.default\">\n\t\t\t\t<div class=\"elementor-widget-container\">\n\t\t\t\t\t\t\t\t\t<p>Notre politique de confidentialit\u00e9 s&#8217;applique aux informations personnelles que nous collectons, stockons, conservons et utilisons \u00e0 votre sujet en tant que clients, visiteurs de notre site Web, de nos r\u00e9seaux sociaux et d&#8217;autres services num\u00e9riques.<\/p>\t\t\t\t\t\t\t\t<\/div>\n\t\t\t\t<\/div>\n\t\t\t\t<div class=\"elementor-element elementor-element-d96035c elementor-widget elementor-widget-heading\" data-id=\"d96035c\" data-element_type=\"widget\" data-e-type=\"widget\" data-widget_type=\"heading.default\">\n\t\t\t\t<div class=\"elementor-widget-container\">\n\t\t\t\t\t<h3 class=\"elementor-heading-title elementor-size-default\">QUE FAISONS-NOUS DE VOS INFORMATIONS ?<\/h3>\t\t\t\t<\/div>\n\t\t\t\t<\/div>\n\t\t\t\t<div class=\"elementor-element elementor-element-faacb84 elementor-widget elementor-widget-text-editor\" data-id=\"faacb84\" data-element_type=\"widget\" data-e-type=\"widget\" data-widget_type=\"text-editor.default\">\n\t\t\t\t<div class=\"elementor-widget-container\">\n\t\t\t\t\t\t\t\t\t<p>Lorsque vous r\u00e9servez nos services, nous collectons les informations personnelles que vous nous fournissez telles que votre nom, votre num\u00e9ro de t\u00e9l\u00e9phone et votre adresse e-mail.<\/p>\n<p>Nous pouvons vous contacter pour vous informer de nos services, pour recueillir vos opinions au moyen d&#8217;enqu\u00eates ou de questionnaires, pour vous envoyer des mises \u00e0 jour sur notre entreprise ou, si n\u00e9cessaire, pour vous contacter afin de faire respecter tout accord que nous pourrions avoir avec vous. \u00c0 ces fins, nous pouvons vous contacter par e-mail, t\u00e9l\u00e9phone ou SMS.<\/p>\n<p>Lorsque vous naviguez sur notre site Web, nous recevons \u00e9galement automatiquement l\u2019adresse de protocole Internet (IP) de votre ordinateur afin de nous fournir des informations qui nous aident \u00e0 en savoir plus sur votre navigateur et votre syst\u00e8me d\u2019exploitation.<\/p>\n<p>Marketing par e-mail\u00a0: avec votre permission, nous pouvons vous envoyer des e-mails concernant nos services et d&#8217;autres mises \u00e0 jour.<\/p>\t\t\t\t\t\t\t\t<\/div>\n\t\t\t\t<\/div>\n\t\t\t\t<div class=\"elementor-element elementor-element-bd474f4 elementor-widget elementor-widget-heading\" data-id=\"bd474f4\" data-element_type=\"widget\" data-e-type=\"widget\" data-widget_type=\"heading.default\">\n\t\t\t\t<div class=\"elementor-widget-container\">\n\t\t\t\t\t<h3 class=\"elementor-heading-title elementor-size-default\">CONSENTMENT<\/h3>\t\t\t\t<\/div>\n\t\t\t\t<\/div>\n\t\t\t\t<div class=\"elementor-element elementor-element-2984e5f elementor-widget elementor-widget-heading\" data-id=\"2984e5f\" data-element_type=\"widget\" data-e-type=\"widget\" data-widget_type=\"heading.default\">\n\t\t\t\t<div class=\"elementor-widget-container\">\n\t\t\t\t\t<h3 class=\"elementor-heading-title elementor-size-default\">Comment obtenir mon consentement ?<\/h3>\t\t\t\t<\/div>\n\t\t\t\t<\/div>\n\t\t\t\t<div class=\"elementor-element elementor-element-19ef531 elementor-widget elementor-widget-text-editor\" data-id=\"19ef531\" data-element_type=\"widget\" data-e-type=\"widget\" data-widget_type=\"text-editor.default\">\n\t\t\t\t<div class=\"elementor-widget-container\">\n\t\t\t\t\t\t\t\t\t<p>Lorsque vous nous fournissez des informations personnelles pour effectuer une r\u00e9servation, nous impliquons que vous consentez \u00e0 les collecter et \u00e0 les utiliser pour cette raison sp\u00e9cifique uniquement.<\/p>\n<p>Si nous demandons vos informations personnelles pour une raison secondaire, comme le marketing, nous vous demanderons directement votre consentement expr\u00e8s ou vous offrirons la possibilit\u00e9 de dire non.<\/p>\t\t\t\t\t\t\t\t<\/div>\n\t\t\t\t<\/div>\n\t\t\t\t<div class=\"elementor-element elementor-element-6ad57f0 elementor-widget elementor-widget-heading\" data-id=\"6ad57f0\" data-element_type=\"widget\" data-e-type=\"widget\" data-widget_type=\"heading.default\">\n\t\t\t\t<div class=\"elementor-widget-container\">\n\t\t\t\t\t<h3 class=\"elementor-heading-title elementor-size-default\">Comment retirer mon consentement ?<\/h3>\t\t\t\t<\/div>\n\t\t\t\t<\/div>\n\t\t\t\t<div class=\"elementor-element elementor-element-cea0ca3 elementor-widget elementor-widget-text-editor\" data-id=\"cea0ca3\" data-element_type=\"widget\" data-e-type=\"widget\" data-widget_type=\"text-editor.default\">\n\t\t\t\t<div class=\"elementor-widget-container\">\n\t\t\t\t\t\t\t\t\t<p>Si apr\u00e8s votre inscription, vous changez d&#8217;avis, vous pouvez retirer votre consentement \u00e0 ce que nous vous contactions, pour la collecte, l&#8217;utilisation ou la divulgation continue de vos informations, \u00e0 tout moment, en nous contactant \u00e0 <a href=\"mailto:bollymoovesbykiran@gmail.com\" target=\"_blank\" rel=\"noopener\">bollymoovesbykiran@gmail.com<\/a>.<\/p>\t\t\t\t\t\t\t\t<\/div>\n\t\t\t\t<\/div>\n\t\t\t\t<div class=\"elementor-element elementor-element-33192a0 elementor-widget elementor-widget-heading\" data-id=\"33192a0\" data-element_type=\"widget\" data-e-type=\"widget\" data-widget_type=\"heading.default\">\n\t\t\t\t<div class=\"elementor-widget-container\">\n\t\t\t\t\t<h3 class=\"elementor-heading-title elementor-size-default\">DIVULGATION<\/h3>\t\t\t\t<\/div>\n\t\t\t\t<\/div>\n\t\t\t\t<div class=\"elementor-element elementor-element-87c20de elementor-widget elementor-widget-text-editor\" data-id=\"87c20de\" data-element_type=\"widget\" data-e-type=\"widget\" data-widget_type=\"text-editor.default\">\n\t\t\t\t<div class=\"elementor-widget-container\">\n\t\t\t\t\t\t\t\t\t<p>Nous pouvons divulguer vos informations personnelles si la loi nous y oblige ou si vous violez nos conditions d&#8217;utilisation.<\/p>\t\t\t\t\t\t\t\t<\/div>\n\t\t\t\t<\/div>\n\t\t\t\t<div class=\"elementor-element elementor-element-6807835 elementor-widget elementor-widget-heading\" data-id=\"6807835\" data-element_type=\"widget\" data-e-type=\"widget\" data-widget_type=\"heading.default\">\n\t\t\t\t<div class=\"elementor-widget-container\">\n\t\t\t\t\t<h3 class=\"elementor-heading-title elementor-size-default\">SERVICES DE TIERS<\/h3>\t\t\t\t<\/div>\n\t\t\t\t<\/div>\n\t\t\t\t<div class=\"elementor-element elementor-element-bc960ab elementor-widget elementor-widget-text-editor\" data-id=\"bc960ab\" data-element_type=\"widget\" data-e-type=\"widget\" data-widget_type=\"text-editor.default\">\n\t\t\t\t<div class=\"elementor-widget-container\">\n\t\t\t\t\t\t\t\t\t<p>En g\u00e9n\u00e9ral, les fournisseurs tiers que nous utilisons ne collecteront, utiliseront et divulgueront vos informations que dans la mesure n\u00e9cessaire pour leur permettre d&#8217;ex\u00e9cuter les services qu&#8217;ils nous fournissent.<\/p>\n<p>Notre site Internet est h\u00e9berg\u00e9 sur la plateforme Godaddy.com. Godaddy.com nous fournit la plateforme en ligne qui nous permet de vous vendre nos produits et services. Vos donn\u00e9es peuvent \u00eatre stock\u00e9es via le stockage de donn\u00e9es, les bases de donn\u00e9es et les applications g\u00e9n\u00e9rales de Godaddy.com. Ils stockent vos donn\u00e9es sur des serveurs s\u00e9curis\u00e9s derri\u00e8re un pare-feu.<\/p>\n<p>Lorsque vous cliquez sur des liens sur notre site Web, ils peuvent vous diriger hors de notre site. Nous ne sommes pas responsables des pratiques de confidentialit\u00e9 des autres sites et vous encourageons \u00e0 lire leurs d\u00e9clarations de confidentialit\u00e9.<\/p>\t\t\t\t\t\t\t\t<\/div>\n\t\t\t\t<\/div>\n\t\t\t\t<div class=\"elementor-element elementor-element-9874a2c elementor-widget elementor-widget-heading\" data-id=\"9874a2c\" data-element_type=\"widget\" data-e-type=\"widget\" data-widget_type=\"heading.default\">\n\t\t\t\t<div class=\"elementor-widget-container\">\n\t\t\t\t\t<h3 class=\"elementor-heading-title elementor-size-default\">S\u00c9CURIT\u00c9<\/h3>\t\t\t\t<\/div>\n\t\t\t\t<\/div>\n\t\t\t\t<div class=\"elementor-element elementor-element-f115290 elementor-widget elementor-widget-text-editor\" data-id=\"f115290\" data-element_type=\"widget\" data-e-type=\"widget\" data-widget_type=\"text-editor.default\">\n\t\t\t\t<div class=\"elementor-widget-container\">\n\t\t\t\t\t\t\t\t\t<p>Pour prot\u00e9ger vos informations personnelles, nous prenons des pr\u00e9cautions raisonnables et suivons les meilleures pratiques de l&#8217;industrie pour nous assurer qu&#8217;elles ne sont pas perdues, utilis\u00e9es \u00e0 mauvais escient, consult\u00e9es, divulgu\u00e9es, modifi\u00e9es ou d\u00e9truites de mani\u00e8re inappropri\u00e9e.<\/p>\t\t\t\t\t\t\t\t<\/div>\n\t\t\t\t<\/div>\n\t\t\t\t<div class=\"elementor-element elementor-element-31fefd3 elementor-widget elementor-widget-heading\" data-id=\"31fefd3\" data-element_type=\"widget\" data-e-type=\"widget\" data-widget_type=\"heading.default\">\n\t\t\t\t<div class=\"elementor-widget-container\">\n\t\t\t\t\t<h3 class=\"elementor-heading-title elementor-size-default\">L'\u00c2GE DE MATURIT\u00c9 L\u00c9GALE<\/h3>\t\t\t\t<\/div>\n\t\t\t\t<\/div>\n\t\t\t\t<div class=\"elementor-element elementor-element-3500785 elementor-widget elementor-widget-text-editor\" data-id=\"3500785\" data-element_type=\"widget\" data-e-type=\"widget\" data-widget_type=\"text-editor.default\">\n\t\t\t\t<div class=\"elementor-widget-container\">\n\t\t\t\t\t\t\t\t\t<p>En utilisant ce site, vous d\u00e9clarez que vous avez au moins l&#8217;\u00e2ge de la majorit\u00e9 dans votre \u00e9tat ou province de r\u00e9sidence, ou que vous avez l&#8217;\u00e2ge de la majorit\u00e9 dans votre \u00e9tat ou province de r\u00e9sidence et vous nous avez donn\u00e9 votre consentement pour autoriser l&#8217;un des vos personnes mineures \u00e0 charge pour utiliser ce site.<\/p>\t\t\t\t\t\t\t\t<\/div>\n\t\t\t\t<\/div>\n\t\t\t\t<div class=\"elementor-element elementor-element-e92758b elementor-widget elementor-widget-heading\" data-id=\"e92758b\" data-element_type=\"widget\" data-e-type=\"widget\" data-widget_type=\"heading.default\">\n\t\t\t\t<div class=\"elementor-widget-container\">\n\t\t\t\t\t<h3 class=\"elementor-heading-title elementor-size-default\">MODIFICATIONS APPORT\u00c9ES \u00c0 CETTE POLITIQUE DE CONFIDENTIALIT\u00c9<\/h3>\t\t\t\t<\/div>\n\t\t\t\t<\/div>\n\t\t\t\t<div class=\"elementor-element elementor-element-30c05d5 elementor-widget elementor-widget-text-editor\" data-id=\"30c05d5\" data-element_type=\"widget\" data-e-type=\"widget\" data-widget_type=\"text-editor.default\">\n\t\t\t\t<div class=\"elementor-widget-container\">\n\t\t\t\t\t\t\t\t\t<p>Nous nous r\u00e9servons le droit de modifier cette politique de confidentialit\u00e9 \u00e0 tout moment, veuillez donc la consulter fr\u00e9quemment. Les modifications et clarifications prendront effet imm\u00e9diatement apr\u00e8s leur publication sur le site Web. Si nous apportons des modifications importantes \u00e0 cette politique, nous vous informerons ici qu&#8217;elle a \u00e9t\u00e9 mise \u00e0 jour, afin que vous sachiez quelles informations nous collectons, comment nous les utilisons et dans quelles circonstances, le cas \u00e9ch\u00e9ant, nous utilisons et\/ou divulguons. il.<\/p>\n<p>Si notre entreprise est acquise ou fusionn\u00e9e avec une autre soci\u00e9t\u00e9, vos informations peuvent \u00eatre transf\u00e9r\u00e9es aux nouveaux propri\u00e9taires afin que nous puissions continuer \u00e0 vous vendre des produits.<\/p>\t\t\t\t\t\t\t\t<\/div>\n\t\t\t\t<\/div>\n\t\t\t\t<div class=\"elementor-element elementor-element-37d17fd elementor-widget elementor-widget-heading\" data-id=\"37d17fd\" data-element_type=\"widget\" data-e-type=\"widget\" data-widget_type=\"heading.default\">\n\t\t\t\t<div class=\"elementor-widget-container\">\n\t\t\t\t\t<h3 class=\"elementor-heading-title elementor-size-default\">QUESTIONS ET COORDONN\u00c9ES<\/h3>\t\t\t\t<\/div>\n\t\t\t\t<\/div>\n\t\t\t\t<div class=\"elementor-element elementor-element-0137ee9 elementor-widget elementor-widget-text-editor\" data-id=\"0137ee9\" data-element_type=\"widget\" data-e-type=\"widget\" data-widget_type=\"text-editor.default\">\n\t\t\t\t<div class=\"elementor-widget-container\">\n\t\t\t\t\t\t\t\t\t<p>Si vous souhaitez\u00a0: acc\u00e9der, corriger, modifier ou supprimer toute information personnelle que nous d\u00e9tenons \u00e0 votre sujet, d\u00e9poser une plainte ou simplement vouloir plus d&#8217;informations, contactez-nous par e-mail \u00e0 <a href=\"mailto:bollymoovesbykiran@gmail.com\" target=\"_blank\" rel=\"noopener\">bollymoovesbykiran@gmail.com<\/a><\/p>\t\t\t\t\t\t\t\t<\/div>\n\t\t\t\t<\/div>\n\t\t\t\t\t<\/div>\n\t\t<\/div>\n\t\t\t\t\t<\/div>\n\t\t<\/section>\n\t\t\t\t<\/div>\n\t\t","protected":false},"excerpt":{"rendered":"<p>Politique de confidentialit\u00e9 Notre politique de confidentialit\u00e9 s&#8217;applique aux informations personnelles que nous collectons, stockons, conservons et utilisons \u00e0 votre sujet en tant que clients, visiteurs de notre site Web, de nos r\u00e9seaux sociaux et d&#8217;autres services num\u00e9riques. QUE FAISONS-NOUS DE VOS INFORMATIONS ? Lorsque vous r\u00e9servez nos services, nous collectons les informations personnelles que vous nous fournissez telles que votre nom, votre num\u00e9ro de t\u00e9l\u00e9phone et votre adresse e-mail. Nous pouvons vous contacter pour vous informer de nos services, pour recueillir vos opinions au moyen d&#8217;enqu\u00eates ou de questionnaires, pour vous envoyer des mises \u00e0 jour sur notre entreprise ou, si n\u00e9cessaire, pour vous contacter afin de faire respecter tout accord que nous pourrions avoir avec vous. \u00c0 ces fins, nous pouvons vous contacter par e-mail, t\u00e9l\u00e9phone ou SMS. Lorsque vous naviguez sur notre site Web, nous recevons \u00e9galement automatiquement l\u2019adresse de protocole Internet (IP) de votre ordinateur afin de nous fournir des informations qui nous aident \u00e0 en savoir plus sur votre navigateur et votre syst\u00e8me d\u2019exploitation. Marketing par e-mail\u00a0: avec votre permission, nous pouvons vous envoyer des e-mails concernant nos services et d&#8217;autres mises \u00e0 jour. CONSENTMENT Comment obtenir mon consentement ? Lorsque vous nous fournissez des informations personnelles pour effectuer une r\u00e9servation, nous impliquons que vous consentez \u00e0 les collecter et \u00e0 les utiliser pour cette raison sp\u00e9cifique uniquement. Si nous demandons vos informations personnelles pour une raison secondaire, comme le marketing, nous vous demanderons directement votre consentement expr\u00e8s ou vous offrirons la possibilit\u00e9 de dire non. Comment retirer mon consentement ? Si apr\u00e8s votre inscription, vous changez d&#8217;avis, vous pouvez retirer votre consentement \u00e0 ce que nous vous contactions, pour la collecte, l&#8217;utilisation ou la divulgation continue de vos informations, \u00e0 tout moment, en nous contactant \u00e0 bollymoovesbykiran@gmail.com. DIVULGATION Nous pouvons divulguer vos informations personnelles si la loi nous y oblige ou si vous violez nos conditions d&#8217;utilisation. SERVICES DE TIERS En g\u00e9n\u00e9ral, les fournisseurs tiers que nous utilisons ne collecteront, utiliseront et divulgueront vos informations que dans la mesure n\u00e9cessaire pour leur permettre d&#8217;ex\u00e9cuter les services qu&#8217;ils nous fournissent. Notre site Internet est h\u00e9berg\u00e9 sur la plateforme Godaddy.com. Godaddy.com nous fournit la plateforme en ligne qui nous permet de vous vendre nos produits et services. Vos donn\u00e9es peuvent \u00eatre stock\u00e9es via le stockage de donn\u00e9es, les bases de donn\u00e9es et les applications g\u00e9n\u00e9rales de Godaddy.com. Ils stockent vos donn\u00e9es sur des serveurs s\u00e9curis\u00e9s derri\u00e8re un pare-feu. Lorsque vous cliquez sur des liens sur notre site Web, ils peuvent vous diriger hors de notre site. Nous ne sommes pas responsables des pratiques de confidentialit\u00e9 des autres sites et vous encourageons \u00e0 lire leurs d\u00e9clarations de confidentialit\u00e9. S\u00c9CURIT\u00c9 Pour prot\u00e9ger vos informations personnelles, nous prenons des pr\u00e9cautions raisonnables et suivons les meilleures pratiques de l&#8217;industrie pour nous assurer qu&#8217;elles ne sont pas perdues, utilis\u00e9es \u00e0 mauvais escient, consult\u00e9es, divulgu\u00e9es, modifi\u00e9es ou d\u00e9truites de mani\u00e8re inappropri\u00e9e. L&#8217;\u00c2GE DE MATURIT\u00c9 L\u00c9GALE En utilisant ce site, vous d\u00e9clarez que vous avez au moins l&#8217;\u00e2ge de la majorit\u00e9 dans votre \u00e9tat ou province de r\u00e9sidence, ou que vous avez l&#8217;\u00e2ge de la majorit\u00e9 dans votre \u00e9tat ou province de r\u00e9sidence et vous nous avez donn\u00e9 votre consentement pour autoriser l&#8217;un des vos personnes mineures \u00e0 charge pour utiliser ce site. MODIFICATIONS APPORT\u00c9ES \u00c0 CETTE POLITIQUE DE CONFIDENTIALIT\u00c9 Nous nous r\u00e9servons le droit de modifier cette politique de confidentialit\u00e9 \u00e0 tout moment, veuillez donc la consulter fr\u00e9quemment. Les modifications et clarifications prendront effet imm\u00e9diatement apr\u00e8s leur publication sur le site Web. Si nous apportons des modifications importantes \u00e0 cette politique, nous vous informerons ici qu&#8217;elle a \u00e9t\u00e9 mise \u00e0 jour, afin que vous sachiez quelles informations nous collectons, comment nous les utilisons et dans quelles circonstances, le cas \u00e9ch\u00e9ant, nous utilisons et\/ou divulguons. il. Si notre entreprise est acquise ou fusionn\u00e9e avec une autre soci\u00e9t\u00e9, vos informations peuvent \u00eatre transf\u00e9r\u00e9es aux nouveaux propri\u00e9taires afin que nous puissions continuer \u00e0 vous vendre des produits. QUESTIONS ET COORDONN\u00c9ES Si vous souhaitez\u00a0: acc\u00e9der, corriger, modifier ou supprimer toute information personnelle que nous d\u00e9tenons \u00e0 votre sujet, d\u00e9poser une plainte ou simplement vouloir plus d&#8217;informations, contactez-nous par e-mail \u00e0 bollymoovesbykiran@gmail.com<\/p>\n","protected":false},"author":1,"featured_media":0,"parent":0,"menu_order":0,"comment_status":"closed","ping_status":"open","template":"elementor_header_footer","meta":{"ocean_post_layout":"","ocean_both_sidebars_style":"","ocean_both_sidebars_content_width":0,"ocean_both_sidebars_sidebars_width":0,"ocean_sidebar":"","ocean_second_sidebar":"","ocean_disable_margins":"enable","ocean_add_body_class":"","ocean_shortcode_before_top_bar":"","ocean_shortcode_after_top_bar":"","ocean_shortcode_before_header":"","ocean_shortcode_after_header":"","ocean_has_shortcode":"","ocean_shortcode_after_title":"","ocean_shortcode_before_footer_widgets":"","ocean_shortcode_after_footer_widgets":"","ocean_shortcode_before_footer_bottom":"","ocean_shortcode_after_footer_bottom":"","ocean_display_top_bar":"default","ocean_display_header":"default","ocean_header_style":"","ocean_center_header_left_menu":"","ocean_custom_header_template":"","ocean_custom_logo":0,"ocean_custom_retina_logo":0,"ocean_custom_logo_max_width":0,"ocean_custom_logo_tablet_max_width":0,"ocean_custom_logo_mobile_max_width":0,"ocean_custom_logo_max_height":0,"ocean_custom_logo_tablet_max_height":0,"ocean_custom_logo_mobile_max_height":0,"ocean_header_custom_menu":"","ocean_menu_typo_font_family":"","ocean_menu_typo_font_subset":"","ocean_menu_typo_font_size":0,"ocean_menu_typo_font_size_tablet":0,"ocean_menu_typo_font_size_mobile":0,"ocean_menu_typo_font_size_unit":"px","ocean_menu_typo_font_weight":"","ocean_menu_typo_font_weight_tablet":"","ocean_menu_typo_font_weight_mobile":"","ocean_menu_typo_transform":"","ocean_menu_typo_transform_tablet":"","ocean_menu_typo_transform_mobile":"","ocean_menu_typo_line_height":0,"ocean_menu_typo_line_height_tablet":0,"ocean_menu_typo_line_height_mobile":0,"ocean_menu_typo_line_height_unit":"","ocean_menu_typo_spacing":0,"ocean_menu_typo_spacing_tablet":0,"ocean_menu_typo_spacing_mobile":0,"ocean_menu_typo_spacing_unit":"","ocean_menu_link_color":"","ocean_menu_link_color_hover":"","ocean_menu_link_color_active":"","ocean_menu_link_background":"","ocean_menu_link_hover_background":"","ocean_menu_link_active_background":"","ocean_menu_social_links_bg":"","ocean_menu_social_hover_links_bg":"","ocean_menu_social_links_color":"","ocean_menu_social_hover_links_color":"","ocean_disable_title":"default","ocean_disable_heading":"default","ocean_post_title":"","ocean_post_subheading":"","ocean_post_title_style":"","ocean_post_title_background_color":"","ocean_post_title_background":0,"ocean_post_title_bg_image_position":"","ocean_post_title_bg_image_attachment":"","ocean_post_title_bg_image_repeat":"","ocean_post_title_bg_image_size":"","ocean_post_title_height":0,"ocean_post_title_bg_overlay":0.5,"ocean_post_title_bg_overlay_color":"","ocean_disable_breadcrumbs":"default","ocean_breadcrumbs_color":"","ocean_breadcrumbs_separator_color":"","ocean_breadcrumbs_links_color":"","ocean_breadcrumbs_links_hover_color":"","ocean_display_footer_widgets":"default","ocean_display_footer_bottom":"default","ocean_custom_footer_template":"","footnotes":""},"class_list":["post-3","page","type-page","status-publish","hentry","entry"],"_links":{"self":[{"href":"https:\/\/bollymoves.fr\/index.php\/wp-json\/wp\/v2\/pages\/3","targetHints":{"allow":["GET"]}}],"collection":[{"href":"https:\/\/bollymoves.fr\/index.php\/wp-json\/wp\/v2\/pages"}],"about":[{"href":"https:\/\/bollymoves.fr\/index.php\/wp-json\/wp\/v2\/types\/page"}],"author":[{"embeddable":true,"href":"https:\/\/bollymoves.fr\/index.php\/wp-json\/wp\/v2\/users\/1"}],"replies":[{"embeddable":true,"href":"https:\/\/bollymoves.fr\/index.php\/wp-json\/wp\/v2\/comments?post=3"}],"version-history":[{"count":25,"href":"https:\/\/bollymoves.fr\/index.php\/wp-json\/wp\/v2\/pages\/3\/revisions"}],"predecessor-version":[{"id":2164,"href":"https:\/\/bollymoves.fr\/index.php\/wp-json\/wp\/v2\/pages\/3\/revisions\/2164"}],"wp:attachment":[{"href":"https:\/\/bollymoves.fr\/index.php\/wp-json\/wp\/v2\/media?parent=3"}],"curies":[{"name":"wp","href":"https:\/\/api.w.org\/{rel}","templated":true}]}}